{"id":125,"date":"2017-02-03T22:13:41","date_gmt":"2017-02-03T21:13:41","guid":{"rendered":"http:\/\/fv-lutheriden-bibliothek.de\/web\/?page_id=125"},"modified":"2017-03-26T22:11:43","modified_gmt":"2017-03-26T20:11:43","slug":"aufgaben","status":"publish","type":"page","link":"http:\/\/fv-lutheriden-bibliothek.de\/web\/aufgaben\/","title":{"rendered":"Aufgaben"},"content":{"rendered":"<p>Eigent\u00fcmer der Bibliothek ist die <a href=\"http:\/\/www.lutheriden.de\" target=\"_blank\">Lutheriden-Vereinigung e.V.<\/a> Deren Mitglieder pflegen die verwandtschaftlichen Bande insbesondere bei den Familientreffen, die alle zwei Jahre in St\u00e4dten stattfinden, die einen engen Bezug zu Luther haben. Auch werden regelm\u00e4\u00dfig Familienbl\u00e4tter und gelegentlich Nachkommenb\u00fccher herausgegeben.\u00a0Die Lutheriden-Vereinigung hat den Nutzungsvertrag f\u00fcr die R\u00e4ume mit der Stadt Zeitz geschlossen. Sie betreut die Besch\u00e4ftigten und sorgt f\u00fcr die technische Infrastruktur. Mitglied kann bei der Lutheriden-Vereinigung nur werden, wer nachweislich mit dem Reformator verwandt ist.<\/p>\n<p>Der gemeinn\u00fctzige <strong>F\u00f6rderverein Lutheriden-Bibliothek e.V.<\/strong> unterst\u00fctzt\u00a0die Arbeit der Bibliothek finanziell und organisatorisch. Dabei geht es insbesondere um die Pflege des Bestandes, Zuk\u00e4ufe und die Restaurierung von B\u00fcchern und anderen Werken. Auf Grund der gro\u00dfz\u00fcgigen Spende der <a href=\"http:\/\/www.petersen-stiftung.de\" target=\"_blank\">Petersen-Stiftung<\/a>\u00a0konnten in den letzten Jahren viele notwendige, sinnvolle Investitionen get\u00e4tigt werden. Der F\u00f6rderverein betreut, gemeinsam mit der Lutheriden-Vereinigung, die Besch\u00e4ftigten. Zu den Aufgaben geh\u00f6ren auch die Kontaktpflege zu \u00e4hnlichen Organisationen und die \u00d6ffentlichkeits- sowie Kulturarbeit. In der Bibliothek werden F\u00fchrungen und p\u00e4dagogische Veranstaltungen durchgef\u00fchrt. Die Mitgliedschaft im gemeinn\u00fctzigen F\u00f6rderverein steht jedem frei. Viele der derzeitigen Mitglieder sind auch Mitglieder der Lutheriden-Vereinigung. Viele der Initiatoren der Bibliothek sind bis heute im F\u00f6rderverein bzw. in der Lutheriden-Vereinigung aktiv.<\/p>\n","protected":false},"excerpt":{"rendered":"<p>Eigent\u00fcmer der Bibliothek ist die Lutheriden-Vereinigung e.V. Deren Mitglieder pflegen die verwandtschaftlichen Bande insbesondere bei den Familientreffen, die alle zwei Jahre in St\u00e4dten stattfinden, die einen engen Bezug zu Luther haben. Auch werden regelm\u00e4\u00dfig Familienbl\u00e4tter und gelegentlich Nachkommenb\u00fccher herausgegeben.\u00a0Die Lutheriden-Vereinigung hat den Nutzungsvertrag f\u00fcr die R\u00e4ume mit der Stadt Zeitz geschlossen. Sie betreut die Besch\u00e4ftigten [&hellip;]<\/p>\n","protected":false},"author":1,"featured_media":0,"parent":0,"menu_order":0,"comment_status":"closed","ping_status":"closed","template":"","meta":{"footnotes":""},"_links":{"self":[{"href":"http:\/\/fv-lutheriden-bibliothek.de\/web\/wp-json\/wp\/v2\/pages\/125"}],"collection":[{"href":"http:\/\/fv-lutheriden-bibliothek.de\/web\/wp-json\/wp\/v2\/pages"}],"about":[{"href":"http:\/\/fv-lutheriden-bibliothek.de\/web\/wp-json\/wp\/v2\/types\/page"}],"author":[{"embeddable":true,"href":"http:\/\/fv-lutheriden-bibliothek.de\/web\/wp-json\/wp\/v2\/users\/1"}],"replies":[{"embeddable":true,"href":"http:\/\/fv-lutheriden-bibliothek.de\/web\/wp-json\/wp\/v2\/comments?post=125"}],"version-history":[{"count":3,"href":"http:\/\/fv-lutheriden-bibliothek.de\/web\/wp-json\/wp\/v2\/pages\/125\/revisions"}],"predecessor-version":[{"id":264,"href":"http:\/\/fv-lutheriden-bibliothek.de\/web\/wp-json\/wp\/v2\/pages\/125\/revisions\/264"}],"wp:attachment":[{"href":"http:\/\/fv-lutheriden-bibliothek.de\/web\/wp-json\/wp\/v2\/media?parent=125"}],"curies":[{"name":"wp","href":"https:\/\/api.w.org\/{rel}","templated":true}]}}